{"id":503,"date":"2021-02-03T13:46:42","date_gmt":"2021-02-03T17:46:42","guid":{"rendered":"https:\/\/xio-online.com\/?page_id=503"},"modified":"2023-10-23T13:52:11","modified_gmt":"2023-10-23T17:52:11","slug":"nasar-dagga-empresario-venezolano","status":"publish","type":"page","link":"https:\/\/xio-online.com\/es\/nasar-dagga-empresario-venezolano\/","title":{"rendered":"Nasar Dagga empresario venezolano"},"content":{"rendered":"<p>[et_pb_section fb_built=\u00bb1&#8243; admin_label=\u00bbsection\u00bb _builder_version=\u00bb4.16&#8243; global_colors_info=\u00bb{}\u00bb][et_pb_row _builder_version=\u00bb4.16&#8243; _module_preset=\u00bbdefault\u00bb custom_padding=\u00bb||10px|||\u00bb global_colors_info=\u00bb{}\u00bb][et_pb_column type=\u00bb4_4&#8243; _builder_version=\u00bb4.16&#8243; _module_preset=\u00bbdefault\u00bb global_colors_info=\u00bb{}\u00bb][et_pb_image src=\u00bbhttps:\/\/xio-online.com\/wp-content\/uploads\/2021\/02\/nasar-dagga-11.jpg\u00bb alt=\u00bbNasar Dagga\u00bb title_text=\u00bbNasar Dagga\u00bb url=\u00bbhttps:\/\/www.clxonline.com\/es\/nasar-ramadan-dagga-mujamad\/\u00bb url_new_window=\u00bbon\u00bb admin_label=\u00bbImagen\u00bb _builder_version=\u00bb4.20.4&#8243; _module_preset=\u00bbdefault\u00bb global_colors_info=\u00bb{}\u00bb][\/et_pb_image][et_pb_text _builder_version=\u00bb4.16&#8243; _module_preset=\u00bbdefault\u00bb global_colors_info=\u00bb{}\u00bb]<\/p>\n<h2 style=\"text-align: center;\"><strong>Nasar Dagga<\/strong><\/h2>\n<p><span style=\"font-weight: 400;\"><a href=\"https:\/\/nasardagga.com\/\">Nasar Ramadan Dagga Mujamad<\/a>, es s\u00edmbolo de liderazgo empresarial, siendo un carabobe\u00f1o nacido en 1976, con ascendencia \u00e1rabe. Sin embargo, se considera venezolano, no solo por su nacionalidad de nacimiento, sino por su compromiso y dedicaci\u00f3n.\u00a0<\/span><\/p>\n<p><span style=\"font-weight: 400;\">Dagga, es un l\u00edder empresarial, ha consolidado grandes empresas de la industria de la tecnolog\u00eda. Convirti\u00e9ndose en Official Partner de grandes marcas como <a href=\"https:\/\/www.clxonline.com\/es\/nasar-ramadan-dagga-mujamad\/\">Samsung<\/a>, Xiaomi, <a href=\"https:\/\/gadtecnology.com\/es\/biografia-de-nasar-dagga\/\">LG Corporation<\/a>. As\u00ed mismo, en su larga trayectoria, represent\u00f3 a grandes marcas como Philco, Hoover y Hyundai. Adem\u00e1s, desarroll\u00f3 marcas propias Cyberlux y Frigilux.\u00a0<\/span><\/p>\n<p><span style=\"font-weight: 400;\">Por su parte, lo que un d\u00eda comenz\u00f3 el sue\u00f1o de un joven en el comercial \u201cLa Linda\u201d, ubicado en Mor\u00f3n, estado Carabobo; hoy lo ha llevado a ser \u00e9l un empresario con alto liderazgo. <\/span><\/p>\n<p>[\/et_pb_text][et_pb_image src=\u00bbhttps:\/\/xio-online.com\/wp-content\/uploads\/2021\/02\/nasar-dagga-7.jpg\u00bb alt=\u00bbNasar Dagga Xioami\u00bb title_text=\u00bbNasar Dagga\u00bb url=\u00bbhttps:\/\/dagganasar.com\/\u00bb url_new_window=\u00bbon\u00bb _builder_version=\u00bb4.20.4&#8243; _module_preset=\u00bbdefault\u00bb global_colors_info=\u00bb{}\u00bb][\/et_pb_image][et_pb_text _builder_version=\u00bb4.22.2&#8243; _module_preset=\u00bbdefault\u00bb hover_enabled=\u00bb0&#8243; global_colors_info=\u00bb{}\u00bb sticky_enabled=\u00bb0&#8243;]<\/p>\n<h3><strong>Nasar Dagga: \u201cLa innovaci\u00f3n es parte del crecimiento\u201d<\/strong><span style=\"font-weight: 400;\"><br \/><\/span><\/h3>\n<p><span style=\"font-weight: 400;\">Venezuela se convirti\u00f3 en un pa\u00eds con tecnolog\u00eda de punta, desde que el alto ejecutivo Nasar Dagga trajo consigo dos grandes corporaciones asi\u00e1ticas; y adem\u00e1s las ha consolidado en el mercado venezolano, como lo es Samsung y LG.\u00a0<\/span><\/p>\n<p><span style=\"font-weight: 400;\">Sin embargo, su visi\u00f3n empresarial continu\u00f3 en ascenso; lo que llev\u00f3 a Dagga, a crear la red de tiendas multimarca m\u00e1s importante a nivel nacional, como lo es MultiMax, con 40 aperturas en diferentes estados del pa\u00eds.\u00a0<\/span><\/p>\n<p><span style=\"font-weight: 400;\">Siendo un hombre de negocios, el <strong><a href=\"https:\/\/nasarramadandagga.com\/\">CEO de CLX Samsung<\/a><\/strong>, y presidente del grupo CLX, se convirti\u00f3 en el pionero en oficializarse como el Partner de la marca Xiaomi en Venezuela, con la <a href=\"https:\/\/xio-online.com\/es\/tag\/nasar-dagga-distribuidor-xiaomi\/\">empresa XIO<\/a>.\u00a0<\/span><\/p>\n<p><span style=\"font-weight: 400;\"><em><strong>\u201cTriunfar en el mercado venezolano no ha sido f\u00e1cil, existen muchas limitantes que hemos sorteado para poder crecer durante la crisis. Sin embargo, soy venezolano, aqu\u00ed est\u00e1n mis ra\u00edces y sigo apostando a mi pa\u00eds y su gente\u201d<\/strong><\/em> dijo el empresario de 47 a\u00f1os.<\/span><\/p>\n<p><span style=\"font-weight: 400;\">Mientras empresarios como Nasar Ramadan Dagga Mujamad, mantienen un firme compromiso por el pa\u00eds; el cual han generado m\u00e1s de 5000 empleos, otorgando diferentes puestos de trabajo enfocado en los j\u00f3venes venezolanos.\u00a0<\/span><span style=\"font-weight: 400;\"><\/span><\/p>\n<p><span style=\"font-weight: 400;\"><em><strong>\u201cNuestro compromiso es con Venezuela y con su gente, queremos darles la oportunidad de estar siempre a la vanguardia tecnol\u00f3gica del mundo\u201d,<\/strong><\/em> afirm\u00f3 Nasar Dagga.<\/span><\/p>\n<p>[\/et_pb_text][\/et_pb_column][\/et_pb_row][et_pb_row _builder_version=\u00bb4.16&#8243; _module_preset=\u00bbdefault\u00bb custom_padding=\u00bb3px|||||\u00bb global_colors_info=\u00bb{}\u00bb][et_pb_column type=\u00bb4_4&#8243; _builder_version=\u00bb4.16&#8243; _module_preset=\u00bbdefault\u00bb global_colors_info=\u00bb{}\u00bb][et_pb_image src=\u00bbhttps:\/\/xio-online.com\/wp-content\/uploads\/2021\/02\/nasar-dagga-4.jpg\u00bb alt=\u00bbNasar Dagga Ramadan\u00bb title_text=\u00bbNasar Dagga\u00bb url=\u00bbhttps:\/\/noticierodevenezuela.com\/nasar-dagga-ramadan\/\u00bb url_new_window=\u00bbon\u00bb _builder_version=\u00bb4.20.4&#8243; _module_preset=\u00bbdefault\u00bb global_colors_info=\u00bb{}\u00bb][\/et_pb_image][et_pb_text _builder_version=\u00bb4.19.5&#8243; _module_preset=\u00bbdefault\u00bb global_colors_info=\u00bb{}\u00bb]<\/p>\n<h3><strong>Un l\u00edder con compromiso social<\/strong><\/h3>\n<p><span style=\"font-weight: 400;\">Muchos son los empresarios que d\u00eda a d\u00eda apuestan por un mejor futuro para el pa\u00eds. As\u00ed tambi\u00e9n <a href=\"https:\/\/www.cleanreputation.online\/nasar-dagga\/\" target=\"_blank\" rel=\"noopener\">Nasar Ramadan Dagga<\/a>, se ha consolidado tambi\u00e9n por ser una figura empresarial con compromiso social.\u00a0<\/span><\/p>\n<p><span style=\"font-weight: 400;\">En tal sentido, el <a href=\"https:\/\/www.cmide.com.ve\/nasar-dagga\/\">empresario carabobe\u00f1o<\/a>, ha llevado de la mano grandes labores a trav\u00e9s de la Fundaci\u00f3n CLX y Funcamama.\u00a0<\/span><\/p>\n<p><span style=\"font-weight: 400;\">Siendo esta \u00faltima una organizaci\u00f3n sin fines de lucro, que est\u00e1 al pendiente de la comunidad mediante sus diferentes programas; promoviendo distintos servicios y actividades orientadas a la salud, bienestar y apoyo emocional.<\/span><\/p>\n<p><span style=\"font-weight: 400;\">Recordando que Funcamama atiende a m\u00e1s de 10.000 mujeres por a\u00f1o en prevenci\u00f3n y tratamiento del c\u00e1ncer de mama, y <strong>la Fundaci\u00f3n CLX de la mano de Nasar Dagga, ha impulsado el desarrollo de la ayuda en la mujer a trav\u00e9s de Funcamama.\u00a0<\/strong><\/span><\/p>\n<p><span style=\"font-weight: 400;\">Considerando que en el aniversario 19\u00ba de Funcamama en el a\u00f1o 2021, fue lanzada la campa\u00f1a \u201c\u00a1Juntos lo podemos todo!; siendo la misma\u00a0 auspiciada por la Fundaci\u00f3n CLX.\u00a0<\/span><\/p>\n<p><span style=\"font-weight: 400;\">Dicha campa\u00f1a se llev\u00f3 a cabo debido a la colaboraci\u00f3n de las tiendas CLX Samsung; ya que por cada compra de un Galaxy en las tiendas oficiales de la marca a nivel nacional, se destinar\u00e1 un aporte para colaborar con la labor de Funcamama.<\/span><\/p>\n<p>[\/et_pb_text][et_pb_code _builder_version=\u00bb4.16&#8243; _module_preset=\u00bbdefault\u00bb global_colors_info=\u00bb{}\u00bb]<iframe loading=\"lazy\" width=\"1280\" height=\"720\" src=\"https:\/\/www.youtube.com\/embed\/lzhila8xWbo\" title=\"YouTube video player\" frameborder=\"0\" allow=\"accelerometer; autoplay; clipboard-write; encrypted-media; gyroscope; picture-in-picture\" allowfullscreen><\/iframe>[\/et_pb_code][et_pb_text _builder_version=\u00bb4.16&#8243; _module_preset=\u00bbdefault\u00bb global_colors_info=\u00bb{}\u00bb]<\/p>\n<p><span style=\"font-weight: 400;\">As\u00ed tambi\u00e9n el presidente de la Fundaci\u00f3n CLX, Nasar Dagga en conjunto con la presidenta de Funcamama, Luisa Rodr\u00edguez T\u00e1riba<\/span><b>; <\/b><span style=\"font-weight: 400;\">fueron los encargados de anunciar esta iniciativa.\u00a0<\/span><\/p>\n<p><span style=\"font-weight: 400;\">Recordando que la alianza hecha por ambas organizaciones comenz\u00f3 en el 2013, en favor de iniciativas que favorezcan la salud y el bienestar de los venezolanos.<\/span><\/p>\n<p><span style=\"font-weight: 400;\"><em><strong>\u201cEstamos muy contentos y agradecidos de poder celebrar una vez m\u00e1s esta alianza que se ha desarrollado a lo largo del tiempo con CLX Samsung. M\u00e1s all\u00e1 de los v\u00ednculos que sostenemos entre las organizaciones, cabe destacar la importancia y la solidaridad de lo que ha sido el aporte de su presidente Nasar Dagga con la causa de Funcamama. Gracias a esta nueva fase en la alianza, lograremos llegar a un mayor n\u00famero de personas beneficiadas por los servicios de salud que ofrece Funcamama y mantener el derecho a la salud para todos los venezolanos\u201d<\/strong><\/em>, manifest\u00f3 la presidenta de Funcamama.<\/span><\/p>\n<p><span style=\"font-weight: 400;\"><em><strong>\u201cCada esfuerzo cuenta y ser parte de la labor de Funcamama es una ayuda significativa para toda Venezuela. Esta alianza con Funcamama es prioridad para nosotros y seguir\u00e1 siendo as\u00ed, nos sentimos identificados con su compromiso, su lucha por una mejor calidad de vida para los venezolanos. Esta iniciativa nace para incluir a todos nuestros clientes a sumar esfuerzos para lograr grandes cosas con una fundaci\u00f3n que se ha preocupado por la salud de todas nuestras guerreras\u201d.<\/strong><\/em> Nasar Dagga, presidente de CLX Samsung.<\/span><\/p>\n<p><span style=\"font-weight: 400;\">La Fundaci\u00f3n CLX tambi\u00e9n tiene la misi\u00f3n de ayudar a los j\u00f3venes a formarse en sus talentos, es decir, potencia las habilidades y capacidades de cada individuo. Siendo entonces la encargada de brindar estudios de formaci\u00f3n tecnol\u00f3gica.\u00a0<\/span><\/p>\n<p><span style=\"font-weight: 400;\">Favoreciendo a 250 trabajadores directos y 2000 indirectos, en las diferentes ciudades de Venezuela donde la empresa tiene presencia, como parte de la amplia programaci\u00f3n de acciones sociales que maneja la marca, costeando la educaci\u00f3n y gastos personales de los beneficiados.<\/span><\/p>\n<p>[\/et_pb_text][et_pb_code _builder_version=\u00bb4.16&#8243; _module_preset=\u00bbdefault\u00bb global_colors_info=\u00bb{}\u00bb]<iframe loading=\"lazy\" width=\"1280\" height=\"720\" src=\"https:\/\/www.youtube.com\/embed\/YQhTszHfQJA\" title=\"YouTube video player\" frameborder=\"0\" allow=\"accelerometer; autoplay; clipboard-write; encrypted-media; gyroscope; picture-in-picture\" allowfullscreen><\/iframe>[\/et_pb_code][et_pb_text _builder_version=\u00bb4.16&#8243; _module_preset=\u00bbdefault\u00bb global_colors_info=\u00bb{}\u00bb]<\/p>\n<h5><strong>Nasar Dagga fomentando embajadores\u00a0<\/strong><strong><\/strong><\/h5>\n<p><span style=\"font-weight: 400;\">A trav\u00e9s de la Fundaci\u00f3n CLX, el CEO de CLX Samsung, Nasar Dagga, se ha dedicado en esta fase de su carrera como l\u00edder empresarial en formar embajadores; en donde j\u00f3venes y ni\u00f1os buscan hacer resaltar sus talentos.\u00a0<\/span><\/p>\n<p><span style=\"font-weight: 400;\">Siendo entonces el primer embajador de la fundaci\u00f3n, Josue Benjam\u00edn, el escultor con plastilina de 10 a\u00f1os de edad, con un coraz\u00f3n enorme ante la necesidad imparable de los m\u00e1s vulnerables.\u00a0<\/span><\/p>\n<p><span style=\"font-weight: 400;\">As\u00ed mismo, la Fundaci\u00f3n CLX recibe a Vanesa Su\u00e1rez como su segunda embajadora; siendo una jovencita carabobe\u00f1a de 14 a\u00f1os de edad, Vanesa Su\u00e1rez no deja de so\u00f1ar hasta llegar a lo m\u00e1s alto del tenis mundial.<\/span><\/p>\n<p><strong>Nasar Dagga es un l\u00edder empresarial que busca sin duda resaltar los talentos de los venezolanos; adem\u00e1s de fomentar la construcci\u00f3n de un pa\u00eds apasionado por lo que lo hace brillar, \u201cSu gente\u201d.\u00a0<\/strong><\/p>\n<p>[\/et_pb_text][et_pb_code _builder_version=\u00bb4.16&#8243; _module_preset=\u00bbdefault\u00bb global_colors_info=\u00bb{}\u00bb]<iframe loading=\"lazy\" width=\"1280\" height=\"720\" src=\"https:\/\/www.youtube.com\/embed\/aOHBeb6Yhw0\" title=\"YouTube video player\" frameborder=\"0\" allow=\"accelerometer; autoplay; clipboard-write; encrypted-media; gyroscope; picture-in-picture\" allowfullscreen><\/iframe>[\/et_pb_code][et_pb_image src=\u00bbhttps:\/\/xio-online.com\/wp-content\/uploads\/2022\/03\/Nasar-Dagga-Infografia&#8230;..jpg\u00bb alt=\u00bbNasar Dagga Trayectoria\u00bb title_text=\u00bbNasar Dagga\u00bb url=\u00bbhttps:\/\/www.ardosconsultores.com\/tag\/nasar-dagga-mujamad\/\u00bb url_new_window=\u00bbon\u00bb align=\u00bbcenter\u00bb _builder_version=\u00bb4.20.4&#8243; _module_preset=\u00bbdefault\u00bb global_colors_info=\u00bb{}\u00bb][\/et_pb_image][et_pb_image src=\u00bbhttps:\/\/xio-online.com\/wp-content\/uploads\/2022\/03\/Copia-de-Nasar-Dagga-2.jpg\u00bb alt=\u00bbNasar Dagga empresario\u00bb title_text=\u00bbNasar Dagga\u00bb url=\u00bbhttps:\/\/www.iotalatino.org\/nasar-ramadan-dagga-venezolano-con-determinacion\/\u00bb url_new_window=\u00bbon\u00bb _builder_version=\u00bb4.20.4&#8243; _module_preset=\u00bbdefault\u00bb global_colors_info=\u00bb{}\u00bb][\/et_pb_image][\/et_pb_column][\/et_pb_row][\/et_pb_section]<\/p>\n","protected":false},"excerpt":{"rendered":"<p>[et_pb_section fb_built=\u00bb1&#8243; admin_label=\u00bbsection\u00bb _builder_version=\u00bb4.16&#8243; global_colors_info=\u00bb{}\u00bb][et_pb_row _builder_version=\u00bb4.16&#8243; _module_preset=\u00bbdefault\u00bb custom_padding=\u00bb||10px|||\u00bb global_colors_info=\u00bb{}\u00bb][et_pb_column type=\u00bb4_4&#8243; _builder_version=\u00bb4.16&#8243; _module_preset=\u00bbdefault\u00bb global_colors_info=\u00bb{}\u00bb][et_pb_image src=\u00bbhttps:\/\/xio-online.com\/wp-content\/uploads\/2021\/02\/nasar-dagga-11.jpg\u00bb alt=\u00bbNasar Dagga\u00bb title_text=\u00bbNasar Dagga\u00bb url=\u00bbhttps:\/\/www.clxonline.com\/es\/nasar-ramadan-dagga-mujamad\/\u00bb url_new_window=\u00bbon\u00bb admin_label=\u00bbImagen\u00bb _builder_version=\u00bb4.20.4&#8243; _module_preset=\u00bbdefault\u00bb global_colors_info=\u00bb{}\u00bb][\/et_pb_image][et_pb_text _builder_version=\u00bb4.16&#8243; _module_preset=\u00bbdefault\u00bb global_colors_info=\u00bb{}\u00bb] Nasar Dagga Nasar Ramadan Dagga Mujamad, es s\u00edmbolo de liderazgo empresarial, siendo un carabobe\u00f1o nacido en 1976, con ascendencia \u00e1rabe. Sin embargo, se considera venezolano, no solo por [&hellip;]<\/p>\n","protected":false},"author":1,"featured_media":506,"parent":0,"menu_order":0,"comment_status":"closed","ping_status":"closed","template":"","meta":{"footnotes":""},"class_list":["post-503","page","type-page","status-publish","has-post-thumbnail","hentry"],"yoast_head":"<!-- This site is optimized with the Yoast SEO Premium plugin v21.9 (Yoast SEO v27.2) - https:\/\/yoast.com\/product\/yoast-seo-premium-wordpress\/ -->\n<title>Nasar Dagga Director ejecutivo Xiaomi Venezuela<\/title>\n<meta name=\"description\" content=\"Nasar Ramadan Dagga Mujamad, es un exitoso empresario venezolano, de ascendencia \u00e1rabe, es presidente de Xiaomi Venezuela\" \/>\n<meta name=\"robots\" content=\"index, follow, max-snippet:-1, max-image-preview:large, max-video-preview:-1\" \/>\n<link rel=\"canonical\" href=\"https:\/\/xio-online.com\/es\/nasar-dagga-empresario-venezolano\/\" \/>\n<meta property=\"og:locale\" content=\"es_ES\" \/>\n<meta property=\"og:type\" content=\"article\" \/>\n<meta property=\"og:title\" content=\"Nasar Dagga empresario venezolano\" \/>\n<meta property=\"og:description\" content=\"Nasar Ramadan Dagga Mujamad, es un exitoso empresario venezolano, de ascendencia \u00e1rabe, es presidente de Xiaomi Venezuela\" \/>\n<meta property=\"og:url\" content=\"https:\/\/xio-online.com\/es\/nasar-dagga-empresario-venezolano\/\" \/>\n<meta property=\"og:site_name\" content=\"Xiaomi Latin\" \/>\n<meta property=\"article:modified_time\" content=\"2023-10-23T17:52:11+00:00\" \/>\n<meta property=\"og:image\" content=\"https:\/\/xio-online.com\/wp-content\/uploads\/2021\/02\/nasar-dagga-4.jpg\" \/>\n\t<meta property=\"og:image:width\" content=\"1100\" \/>\n\t<meta property=\"og:image:height\" content=\"700\" \/>\n\t<meta property=\"og:image:type\" content=\"image\/jpeg\" \/>\n<meta name=\"twitter:card\" content=\"summary_large_image\" \/>\n<meta name=\"twitter:label1\" content=\"Tiempo de lectura\" \/>\n\t<meta name=\"twitter:data1\" content=\"6 minutos\" \/>\n<script type=\"application\/ld+json\" class=\"yoast-schema-graph\">{\"@context\":\"https:\/\/schema.org\",\"@graph\":[{\"@type\":\"WebPage\",\"@id\":\"https:\/\/xio-online.com\/es\/nasar-dagga-empresario-venezolano\/\",\"url\":\"https:\/\/xio-online.com\/es\/nasar-dagga-empresario-venezolano\/\",\"name\":\"Nasar Dagga Director ejecutivo Xiaomi Venezuela\",\"isPartOf\":{\"@id\":\"https:\/\/xio-online.com\/es\/#website\"},\"primaryImageOfPage\":{\"@id\":\"https:\/\/xio-online.com\/es\/nasar-dagga-empresario-venezolano\/#primaryimage\"},\"image\":{\"@id\":\"https:\/\/xio-online.com\/es\/nasar-dagga-empresario-venezolano\/#primaryimage\"},\"thumbnailUrl\":\"https:\/\/xio-online.com\/wp-content\/uploads\/2021\/02\/nasar-dagga-4.jpg\",\"datePublished\":\"2021-02-03T17:46:42+00:00\",\"dateModified\":\"2023-10-23T17:52:11+00:00\",\"description\":\"Nasar Ramadan Dagga Mujamad, es un exitoso empresario venezolano, de ascendencia \u00e1rabe, es presidente de Xiaomi Venezuela\",\"breadcrumb\":{\"@id\":\"https:\/\/xio-online.com\/es\/nasar-dagga-empresario-venezolano\/#breadcrumb\"},\"inLanguage\":\"es\",\"potentialAction\":[{\"@type\":\"ReadAction\",\"target\":[\"https:\/\/xio-online.com\/es\/nasar-dagga-empresario-venezolano\/\"]}]},{\"@type\":\"ImageObject\",\"inLanguage\":\"es\",\"@id\":\"https:\/\/xio-online.com\/es\/nasar-dagga-empresario-venezolano\/#primaryimage\",\"url\":\"https:\/\/xio-online.com\/wp-content\/uploads\/2021\/02\/nasar-dagga-4.jpg\",\"contentUrl\":\"https:\/\/xio-online.com\/wp-content\/uploads\/2021\/02\/nasar-dagga-4.jpg\",\"width\":1100,\"height\":700,\"caption\":\"Nasar Ramadan Dagga - Nasar Dagga - Presidente de CLX - Nasar Ramadan - Presidente de Multimax - Presidente de Gad Tecnology\"},{\"@type\":\"BreadcrumbList\",\"@id\":\"https:\/\/xio-online.com\/es\/nasar-dagga-empresario-venezolano\/#breadcrumb\",\"itemListElement\":[{\"@type\":\"ListItem\",\"position\":1,\"name\":\"Portada\",\"item\":\"https:\/\/xio-online.com\/es\/\"},{\"@type\":\"ListItem\",\"position\":2,\"name\":\"Nasar Dagga empresario venezolano\"}]},{\"@type\":\"WebSite\",\"@id\":\"https:\/\/xio-online.com\/es\/#website\",\"url\":\"https:\/\/xio-online.com\/es\/\",\"name\":\"Xiaomi Latin\",\"description\":\"Official partner Xiaomi \",\"publisher\":{\"@id\":\"https:\/\/xio-online.com\/es\/#organization\"},\"potentialAction\":[{\"@type\":\"SearchAction\",\"target\":{\"@type\":\"EntryPoint\",\"urlTemplate\":\"https:\/\/xio-online.com\/es\/?s={search_term_string}\"},\"query-input\":{\"@type\":\"PropertyValueSpecification\",\"valueRequired\":true,\"valueName\":\"search_term_string\"}}],\"inLanguage\":\"es\"},{\"@type\":\"Organization\",\"@id\":\"https:\/\/xio-online.com\/es\/#organization\",\"name\":\"Xiaomi Venezuela\",\"url\":\"https:\/\/xio-online.com\/es\/\",\"logo\":{\"@type\":\"ImageObject\",\"inLanguage\":\"es\",\"@id\":\"https:\/\/xio-online.com\/es\/#\/schema\/logo\/image\/\",\"url\":\"https:\/\/xio-online.com\/wp-content\/uploads\/2020\/08\/xio-store-logo.png\",\"contentUrl\":\"https:\/\/xio-online.com\/wp-content\/uploads\/2020\/08\/xio-store-logo.png\",\"width\":1797,\"height\":397,\"caption\":\"Xiaomi Venezuela\"},\"image\":{\"@id\":\"https:\/\/xio-online.com\/es\/#\/schema\/logo\/image\/\"}}]}<\/script>\n<!-- \/ Yoast SEO Premium plugin. -->","yoast_head_json":{"title":"Nasar Dagga Director ejecutivo Xiaomi Venezuela","description":"Nasar Ramadan Dagga Mujamad, es un exitoso empresario venezolano, de ascendencia \u00e1rabe, es presidente de Xiaomi Venezuela","robots":{"index":"index","follow":"follow","max-snippet":"max-snippet:-1","max-image-preview":"max-image-preview:large","max-video-preview":"max-video-preview:-1"},"canonical":"https:\/\/xio-online.com\/es\/nasar-dagga-empresario-venezolano\/","og_locale":"es_ES","og_type":"article","og_title":"Nasar Dagga empresario venezolano","og_description":"Nasar Ramadan Dagga Mujamad, es un exitoso empresario venezolano, de ascendencia \u00e1rabe, es presidente de Xiaomi Venezuela","og_url":"https:\/\/xio-online.com\/es\/nasar-dagga-empresario-venezolano\/","og_site_name":"Xiaomi Latin","article_modified_time":"2023-10-23T17:52:11+00:00","og_image":[{"width":1100,"height":700,"url":"https:\/\/xio-online.com\/wp-content\/uploads\/2021\/02\/nasar-dagga-4.jpg","type":"image\/jpeg"}],"twitter_card":"summary_large_image","twitter_misc":{"Tiempo de lectura":"6 minutos"},"schema":{"@context":"https:\/\/schema.org","@graph":[{"@type":"WebPage","@id":"https:\/\/xio-online.com\/es\/nasar-dagga-empresario-venezolano\/","url":"https:\/\/xio-online.com\/es\/nasar-dagga-empresario-venezolano\/","name":"Nasar Dagga Director ejecutivo Xiaomi Venezuela","isPartOf":{"@id":"https:\/\/xio-online.com\/es\/#website"},"primaryImageOfPage":{"@id":"https:\/\/xio-online.com\/es\/nasar-dagga-empresario-venezolano\/#primaryimage"},"image":{"@id":"https:\/\/xio-online.com\/es\/nasar-dagga-empresario-venezolano\/#primaryimage"},"thumbnailUrl":"https:\/\/xio-online.com\/wp-content\/uploads\/2021\/02\/nasar-dagga-4.jpg","datePublished":"2021-02-03T17:46:42+00:00","dateModified":"2023-10-23T17:52:11+00:00","description":"Nasar Ramadan Dagga Mujamad, es un exitoso empresario venezolano, de ascendencia \u00e1rabe, es presidente de Xiaomi Venezuela","breadcrumb":{"@id":"https:\/\/xio-online.com\/es\/nasar-dagga-empresario-venezolano\/#breadcrumb"},"inLanguage":"es","potentialAction":[{"@type":"ReadAction","target":["https:\/\/xio-online.com\/es\/nasar-dagga-empresario-venezolano\/"]}]},{"@type":"ImageObject","inLanguage":"es","@id":"https:\/\/xio-online.com\/es\/nasar-dagga-empresario-venezolano\/#primaryimage","url":"https:\/\/xio-online.com\/wp-content\/uploads\/2021\/02\/nasar-dagga-4.jpg","contentUrl":"https:\/\/xio-online.com\/wp-content\/uploads\/2021\/02\/nasar-dagga-4.jpg","width":1100,"height":700,"caption":"Nasar Ramadan Dagga - Nasar Dagga - Presidente de CLX - Nasar Ramadan - Presidente de Multimax - Presidente de Gad Tecnology"},{"@type":"BreadcrumbList","@id":"https:\/\/xio-online.com\/es\/nasar-dagga-empresario-venezolano\/#breadcrumb","itemListElement":[{"@type":"ListItem","position":1,"name":"Portada","item":"https:\/\/xio-online.com\/es\/"},{"@type":"ListItem","position":2,"name":"Nasar Dagga empresario venezolano"}]},{"@type":"WebSite","@id":"https:\/\/xio-online.com\/es\/#website","url":"https:\/\/xio-online.com\/es\/","name":"Xiaomi Latin","description":"Official partner Xiaomi ","publisher":{"@id":"https:\/\/xio-online.com\/es\/#organization"},"potentialAction":[{"@type":"SearchAction","target":{"@type":"EntryPoint","urlTemplate":"https:\/\/xio-online.com\/es\/?s={search_term_string}"},"query-input":{"@type":"PropertyValueSpecification","valueRequired":true,"valueName":"search_term_string"}}],"inLanguage":"es"},{"@type":"Organization","@id":"https:\/\/xio-online.com\/es\/#organization","name":"Xiaomi Venezuela","url":"https:\/\/xio-online.com\/es\/","logo":{"@type":"ImageObject","inLanguage":"es","@id":"https:\/\/xio-online.com\/es\/#\/schema\/logo\/image\/","url":"https:\/\/xio-online.com\/wp-content\/uploads\/2020\/08\/xio-store-logo.png","contentUrl":"https:\/\/xio-online.com\/wp-content\/uploads\/2020\/08\/xio-store-logo.png","width":1797,"height":397,"caption":"Xiaomi Venezuela"},"image":{"@id":"https:\/\/xio-online.com\/es\/#\/schema\/logo\/image\/"}}]}},"_links":{"self":[{"href":"https:\/\/xio-online.com\/es\/wp-json\/wp\/v2\/pages\/503","targetHints":{"allow":["GET"]}}],"collection":[{"href":"https:\/\/xio-online.com\/es\/wp-json\/wp\/v2\/pages"}],"about":[{"href":"https:\/\/xio-online.com\/es\/wp-json\/wp\/v2\/types\/page"}],"author":[{"embeddable":true,"href":"https:\/\/xio-online.com\/es\/wp-json\/wp\/v2\/users\/1"}],"replies":[{"embeddable":true,"href":"https:\/\/xio-online.com\/es\/wp-json\/wp\/v2\/comments?post=503"}],"version-history":[{"count":5,"href":"https:\/\/xio-online.com\/es\/wp-json\/wp\/v2\/pages\/503\/revisions"}],"predecessor-version":[{"id":648,"href":"https:\/\/xio-online.com\/es\/wp-json\/wp\/v2\/pages\/503\/revisions\/648"}],"wp:featuredmedia":[{"embeddable":true,"href":"https:\/\/xio-online.com\/es\/wp-json\/wp\/v2\/media\/506"}],"wp:attachment":[{"href":"https:\/\/xio-online.com\/es\/wp-json\/wp\/v2\/media?parent=503"}],"curies":[{"name":"wp","href":"https:\/\/api.w.org\/{rel}","templated":true}]}}