{"id":48,"date":"2020-08-19T10:38:06","date_gmt":"2020-08-19T14:38:06","guid":{"rendered":"https:\/\/xio.artechdigital.net\/?post_type=product&#038;p=48"},"modified":"2022-05-06T18:38:09","modified_gmt":"2022-05-06T22:38:09","slug":"mi-note-10-lite","status":"publish","type":"product","link":"https:\/\/xio-online.com\/es\/producto\/mi-note-10-lite\/","title":{"rendered":"Mi Note 10 Lite"},"content":{"rendered":"<p>[et_pb_section fb_built=\u00bb1&#8243; _builder_version=\u00bb4.5.6&#8243; custom_padding=\u00bb0px||40px||false|false\u00bb global_colors_info=\u00bb{}\u00bb][et_pb_row _builder_version=\u00bb3.25&#8243; background_size=\u00bbinitial\u00bb background_position=\u00bbtop_left\u00bb background_repeat=\u00bbrepeat\u00bb width=\u00bb100%\u00bb custom_padding=\u00bb0px||0px||false|false\u00bb global_colors_info=\u00bb{}\u00bb][et_pb_column type=\u00bb4_4&#8243; _builder_version=\u00bb3.25&#8243; custom_padding=\u00bb|||\u00bb global_colors_info=\u00bb{}\u00bb custom_padding__hover=\u00bb|||\u00bb][et_pb_wc_breadcrumb _builder_version=\u00bb4.5.6&#8243; body_font=\u00bb|600|||||||\u00bb global_colors_info=\u00bb{}\u00bb][\/et_pb_wc_breadcrumb][et_pb_wc_cart_notice background_color=\u00bb#e06100&#8243; custom_button=\u00bbon\u00bb button_text_color=\u00bb#ff5b0c\u00bb global_colors_info=\u00bb{}\u00bb][\/et_pb_wc_cart_notice][\/et_pb_column][\/et_pb_row][et_pb_row column_structure=\u00bb1_2,1_2&#8243; _builder_version=\u00bb3.25&#8243; background_size=\u00bbinitial\u00bb background_position=\u00bbtop_left\u00bb background_repeat=\u00bbrepeat\u00bb width=\u00bb100%\u00bb custom_padding=\u00bb0px||||false|false\u00bb global_colors_info=\u00bb{}\u00bb][et_pb_column type=\u00bb1_2&#8243; _builder_version=\u00bb3.25&#8243; custom_padding=\u00bb|||\u00bb global_colors_info=\u00bb{}\u00bb custom_padding__hover=\u00bb|||\u00bb][et_pb_wc_images _builder_version=\u00bb3.0.47&#8243; global_colors_info=\u00bb{}\u00bb][\/et_pb_wc_images][\/et_pb_column][et_pb_column type=\u00bb1_2&#8243; _builder_version=\u00bb3.25&#8243; custom_padding=\u00bb|||\u00bb global_colors_info=\u00bb{}\u00bb custom_padding__hover=\u00bb|||\u00bb][et_pb_wc_title _builder_version=\u00bb3.0.47&#8243; global_colors_info=\u00bb{}\u00bb][\/et_pb_wc_title][et_pb_wc_rating _builder_version=\u00bb4.5.6&#8243; rating_text_color=\u00bb#ff5b0c\u00bb global_colors_info=\u00bb{}\u00bb][\/et_pb_wc_rating][et_pb_wc_price _builder_version=\u00bb4.5.6&#8243; body_font=\u00bb|700|||||||\u00bb body_text_color=\u00bb#ff5b0c\u00bb text_orientation=\u00bbleft\u00bb global_colors_info=\u00bb{}\u00bb][\/et_pb_wc_price][et_pb_wc_description _builder_version=\u00bb4.5.6&#8243; body_font=\u00bb|700|||||||\u00bb body_font_size=\u00bb15px\u00bb global_colors_info=\u00bb{}\u00bb][\/et_pb_wc_description][et_pb_wc_add_to_cart fields_background_color=\u00bb#efefef\u00bb fields_text_color=\u00bb#ff5b0c\u00bb custom_button=\u00bbon\u00bb button_text_color=\u00bb#ff5b0c\u00bb button_font=\u00bb|600|||||||\u00bb global_colors_info=\u00bb{}\u00bb][\/et_pb_wc_add_to_cart][et_pb_wc_meta _builder_version=\u00bb4.5.6&#8243; global_colors_info=\u00bb{}\u00bb][\/et_pb_wc_meta][\/et_pb_column][\/et_pb_row][\/et_pb_section][et_pb_section fb_built=\u00bb1&#8243; _builder_version=\u00bb4.5.6&#8243; custom_padding=\u00bb0px||||false|false\u00bb global_colors_info=\u00bb{}\u00bb][et_pb_row column_structure=\u00bb1_2,1_2&#8243; _builder_version=\u00bb4.5.6&#8243; _module_preset=\u00bbdefault\u00bb background_enable_image=\u00bboff\u00bb width=\u00bb100%\u00bb max_width=\u00bb1100px\u00bb module_alignment=\u00bbcenter\u00bb custom_margin=\u00bb-3px|auto||auto|false|false\u00bb global_colors_info=\u00bb{}\u00bb][et_pb_column type=\u00bb1_2&#8243; _builder_version=\u00bb4.5.6&#8243; _module_preset=\u00bbdefault\u00bb global_colors_info=\u00bb{}\u00bb][et_pb_image src=\u00bbhttps:\/\/xio.artechdigital.net\/wp-content\/uploads\/2020\/08\/note-10-footer.png\u00bb title_text=\u00bbnote-10-footer\u00bb _builder_version=\u00bb4.5.6&#8243; _module_preset=\u00bbdefault\u00bb global_colors_info=\u00bb{}\u00bb][\/et_pb_image][\/et_pb_column][et_pb_column type=\u00bb1_2&#8243; _builder_version=\u00bb4.5.6&#8243; _module_preset=\u00bbdefault\u00bb global_colors_info=\u00bb{}\u00bb][et_pb_text _builder_version=\u00bb4.5.6&#8243; _module_preset=\u00bbdefault\u00bb text_font=\u00bb|700|||||||\u00bb text_text_color=\u00bb#000000&#8243; text_font_size=\u00bb25px\u00bb text_line_height=\u00bb1.8em\u00bb background_enable_image=\u00bboff\u00bb text_orientation=\u00bbcenter\u00bb custom_margin=\u00bb116px||||false|false\u00bb custom_padding=\u00bb||||false|false\u00bb global_colors_info=\u00bb{}\u00bb]<\/p>\n<p>Mi Note 10 Lite incluye la versi\u00f3n m\u00e1s reciente del sistema MIUI 11,<br \/>\nque proporciona un rendimiento y una funcionalidad sin precedentes<br \/>\npara aplicaciones profesionales y de juegos.<\/p>\n<p>[\/et_pb_text][\/et_pb_column][\/et_pb_row][et_pb_row column_structure=\u00bb3_5,2_5&#8243; _builder_version=\u00bb3.25&#8243; background_size=\u00bbinitial\u00bb background_position=\u00bbtop_left\u00bb background_repeat=\u00bbrepeat\u00bb width=\u00bb100%\u00bb custom_margin=\u00bb20px|auto|-4px|auto||\u00bb global_colors_info=\u00bb{}\u00bb][et_pb_column type=\u00bb3_5&#8243; _builder_version=\u00bb3.25&#8243; custom_padding=\u00bb|||\u00bb global_colors_info=\u00bb{}\u00bb custom_padding__hover=\u00bb|||\u00bb][et_pb_wc_tabs include_tabs=\u00bbdescription|\u00bb _builder_version=\u00bb4.5.6&#8243; tab_text_color=\u00bb#ff5b0c\u00bb tab_font=\u00bb|700|||||||\u00bb custom_padding=\u00bb59px||61px|||\u00bb border_radii=\u00bbon|10px|10px|10px|10px\u00bb border_width_top=\u00bb5px\u00bb border_color_top=\u00bb#ff5b0c\u00bb global_colors_info=\u00bb{}\u00bb]\t\t\t\t\t[\/et_pb_wc_tabs][et_pb_wc_upsells _builder_version=\u00bb3.0.47&#8243; global_colors_info=\u00bb{}\u00bb][\/et_pb_wc_upsells][\/et_pb_column][et_pb_column type=\u00bb2_5&#8243; _builder_version=\u00bb3.25&#8243; custom_padding=\u00bb|||\u00bb global_colors_info=\u00bb{}\u00bb custom_padding__hover=\u00bb|||\u00bb][et_pb_image src=\u00bbhttps:\/\/xio.artechdigital.net\/wp-content\/uploads\/2020\/08\/porduct-Mi-Note-10-Lite-1.jpg\u00bb title_text=\u00bbporduct-Mi-Note-10-Lite\u00bb _builder_version=\u00bb4.5.6&#8243; _module_preset=\u00bbdefault\u00bb custom_margin=\u00bb||-3px|||\u00bb global_colors_info=\u00bb{}\u00bb][\/et_pb_image][\/et_pb_column][\/et_pb_row][et_pb_row _builder_version=\u00bb3.25&#8243; background_size=\u00bbinitial\u00bb background_position=\u00bbtop_left\u00bb background_repeat=\u00bbrepeat\u00bb width=\u00bb100%\u00bb custom_margin=\u00bb20px|auto|-4px|auto||\u00bb global_colors_info=\u00bb{}\u00bb][et_pb_column type=\u00bb4_4&#8243; _builder_version=\u00bb3.25&#8243; custom_padding=\u00bb|||\u00bb global_colors_info=\u00bb{}\u00bb custom_padding__hover=\u00bb|||\u00bb][et_pb_wc_related_products sale_badge_color=\u00bb#ff6700&#8243; icon_hover_color=\u00bb#ff6700&#8243; _builder_version=\u00bb4.5.6&#8243; title_font=\u00bb|700|||||||\u00bb product_title_font=\u00bb|600|||||||\u00bb product_title_text_align=\u00bbcenter\u00bb price_font=\u00bb|600|||||||\u00bb price_text_align=\u00bbcenter\u00bb price_text_color=\u00bb#ff6700&#8243; price_font_size=\u00bb18px\u00bb sale_badge_font=\u00bb|600|||||||\u00bb global_colors_info=\u00bb{}\u00bb][\/et_pb_wc_related_products][\/et_pb_column][\/et_pb_row][\/et_pb_section]<\/p>\n","protected":false},"excerpt":{"rendered":"<ul class=\"logo-list\">\n<li>Pantalla curva AMOLED 3D<\/li>\n<li class=\"logo-item\">Cu\u00e1druple c\u00e1mara con IA de 64 MP<\/li>\n<li>Bater\u00eda (t\u00edp.) de 5260 mAh<\/li>\n<li>Sensor de huella dactilar en pantalla<\/li>\n<li>Corning\u00ae Gorilla\u00ae Glass 5<\/li>\n<li>Modo videoblog<\/li>\n<li>Tecnolog\u00eda de carga r\u00e1pida de 30 W<\/li>\n<li>Qualcomm\u00ae Snapdragon\u2122 730G<\/li>\n<\/ul>\n","protected":false},"featured_media":74,"comment_status":"open","ping_status":"closed","template":"","meta":[],"product_brand":[],"product_cat":[21],"product_tag":[27],"class_list":{"0":"post-48","1":"product","2":"type-product","3":"status-publish","4":"has-post-thumbnail","6":"product_cat-smartphones","7":"product_tag-mi-note-10-lite","9":"first","10":"instock","11":"shipping-taxable","12":"product-type-simple"},"yoast_head":"<!-- This site is optimized with the Yoast SEO Premium plugin v21.9 (Yoast SEO v27.2) - https:\/\/yoast.com\/product\/yoast-seo-premium-wordpress\/ -->\n<title>Mi Note 10 Lite - Xiaomi Latin<\/title>\n<meta name=\"robots\" content=\"index, follow, max-snippet:-1, max-image-preview:large, max-video-preview:-1\" \/>\n<link rel=\"canonical\" href=\"https:\/\/xio-online.com\/es\/producto\/mi-note-10-lite\/\" \/>\n<meta property=\"og:locale\" content=\"es_ES\" \/>\n<meta property=\"og:type\" content=\"article\" \/>\n<meta property=\"og:title\" content=\"Mi Note 10 Lite\" \/>\n<meta property=\"og:description\" content=\"Pantalla curva AMOLED 3D  Cu\u00e1druple c\u00e1mara con IA de 64 MP  Bater\u00eda (t\u00edp.) de 5260 mAh  Sensor de huella dactilar en pantalla  Corning\u00ae Gorilla\u00ae Glass 5  Modo videoblog  Tecnolog\u00eda de carga r\u00e1pida de 30 W  Qualcomm\u00ae Snapdragon\u2122 730G\" \/>\n<meta property=\"og:url\" content=\"https:\/\/xio-online.com\/es\/producto\/mi-note-10-lite\/\" \/>\n<meta property=\"og:site_name\" content=\"Xiaomi Latin\" \/>\n<meta property=\"article:modified_time\" content=\"2022-05-06T22:38:09+00:00\" \/>\n<meta property=\"og:image\" content=\"https:\/\/xio-online.com\/wp-content\/uploads\/2020\/08\/note-10-front.jpg\" \/>\n\t<meta property=\"og:image:width\" content=\"1080\" \/>\n\t<meta property=\"og:image:height\" content=\"1080\" \/>\n\t<meta property=\"og:image:type\" content=\"image\/jpeg\" \/>\n<meta name=\"twitter:card\" content=\"summary_large_image\" \/>\n<meta name=\"twitter:label1\" content=\"Tiempo de lectura\" \/>\n\t<meta name=\"twitter:data1\" content=\"4 minutos\" \/>\n<script type=\"application\/ld+json\" class=\"yoast-schema-graph\">{\"@context\":\"https:\/\/schema.org\",\"@graph\":[{\"@type\":\"WebPage\",\"@id\":\"https:\/\/xio-online.com\/es\/producto\/mi-note-10-lite\/\",\"url\":\"https:\/\/xio-online.com\/es\/producto\/mi-note-10-lite\/\",\"name\":\"Mi Note 10 Lite - Xiaomi Latin\",\"isPartOf\":{\"@id\":\"https:\/\/xio-online.com\/es\/#website\"},\"primaryImageOfPage\":{\"@id\":\"https:\/\/xio-online.com\/es\/producto\/mi-note-10-lite\/#primaryimage\"},\"image\":{\"@id\":\"https:\/\/xio-online.com\/es\/producto\/mi-note-10-lite\/#primaryimage\"},\"thumbnailUrl\":\"https:\/\/xio-online.com\/wp-content\/uploads\/2020\/08\/note-10-front.jpg\",\"datePublished\":\"2020-08-19T14:38:06+00:00\",\"dateModified\":\"2022-05-06T22:38:09+00:00\",\"breadcrumb\":{\"@id\":\"https:\/\/xio-online.com\/es\/producto\/mi-note-10-lite\/#breadcrumb\"},\"inLanguage\":\"es\",\"potentialAction\":[{\"@type\":\"ReadAction\",\"target\":[\"https:\/\/xio-online.com\/es\/producto\/mi-note-10-lite\/\"]}]},{\"@type\":\"ImageObject\",\"inLanguage\":\"es\",\"@id\":\"https:\/\/xio-online.com\/es\/producto\/mi-note-10-lite\/#primaryimage\",\"url\":\"https:\/\/xio-online.com\/wp-content\/uploads\/2020\/08\/note-10-front.jpg\",\"contentUrl\":\"https:\/\/xio-online.com\/wp-content\/uploads\/2020\/08\/note-10-front.jpg\",\"width\":1080,\"height\":1080},{\"@type\":\"BreadcrumbList\",\"@id\":\"https:\/\/xio-online.com\/es\/producto\/mi-note-10-lite\/#breadcrumb\",\"itemListElement\":[{\"@type\":\"ListItem\",\"position\":1,\"name\":\"Portada\",\"item\":\"https:\/\/xio-online.com\/es\/\"},{\"@type\":\"ListItem\",\"position\":2,\"name\":\"Shop\",\"item\":\"https:\/\/xio-online.com\/shop\/\"},{\"@type\":\"ListItem\",\"position\":3,\"name\":\"Mi Note 10 Lite\"}]},{\"@type\":\"WebSite\",\"@id\":\"https:\/\/xio-online.com\/es\/#website\",\"url\":\"https:\/\/xio-online.com\/es\/\",\"name\":\"Xiaomi Latin\",\"description\":\"Official partner Xiaomi \",\"publisher\":{\"@id\":\"https:\/\/xio-online.com\/es\/#organization\"},\"potentialAction\":[{\"@type\":\"SearchAction\",\"target\":{\"@type\":\"EntryPoint\",\"urlTemplate\":\"https:\/\/xio-online.com\/es\/?s={search_term_string}\"},\"query-input\":{\"@type\":\"PropertyValueSpecification\",\"valueRequired\":true,\"valueName\":\"search_term_string\"}}],\"inLanguage\":\"es\"},{\"@type\":\"Organization\",\"@id\":\"https:\/\/xio-online.com\/es\/#organization\",\"name\":\"Xiaomi Venezuela\",\"url\":\"https:\/\/xio-online.com\/es\/\",\"logo\":{\"@type\":\"ImageObject\",\"inLanguage\":\"es\",\"@id\":\"https:\/\/xio-online.com\/es\/#\/schema\/logo\/image\/\",\"url\":\"https:\/\/xio-online.com\/wp-content\/uploads\/2020\/08\/xio-store-logo.png\",\"contentUrl\":\"https:\/\/xio-online.com\/wp-content\/uploads\/2020\/08\/xio-store-logo.png\",\"width\":1797,\"height\":397,\"caption\":\"Xiaomi Venezuela\"},\"image\":{\"@id\":\"https:\/\/xio-online.com\/es\/#\/schema\/logo\/image\/\"}}]}<\/script>\n<!-- \/ Yoast SEO Premium plugin. -->","yoast_head_json":{"title":"Mi Note 10 Lite - Xiaomi Latin","robots":{"index":"index","follow":"follow","max-snippet":"max-snippet:-1","max-image-preview":"max-image-preview:large","max-video-preview":"max-video-preview:-1"},"canonical":"https:\/\/xio-online.com\/es\/producto\/mi-note-10-lite\/","og_locale":"es_ES","og_type":"article","og_title":"Mi Note 10 Lite","og_description":"Pantalla curva AMOLED 3D  Cu\u00e1druple c\u00e1mara con IA de 64 MP  Bater\u00eda (t\u00edp.) de 5260 mAh  Sensor de huella dactilar en pantalla  Corning\u00ae Gorilla\u00ae Glass 5  Modo videoblog  Tecnolog\u00eda de carga r\u00e1pida de 30 W  Qualcomm\u00ae Snapdragon\u2122 730G","og_url":"https:\/\/xio-online.com\/es\/producto\/mi-note-10-lite\/","og_site_name":"Xiaomi Latin","article_modified_time":"2022-05-06T22:38:09+00:00","og_image":[{"width":1080,"height":1080,"url":"https:\/\/xio-online.com\/wp-content\/uploads\/2020\/08\/note-10-front.jpg","type":"image\/jpeg"}],"twitter_card":"summary_large_image","twitter_misc":{"Tiempo de lectura":"4 minutos"},"schema":{"@context":"https:\/\/schema.org","@graph":[{"@type":"WebPage","@id":"https:\/\/xio-online.com\/es\/producto\/mi-note-10-lite\/","url":"https:\/\/xio-online.com\/es\/producto\/mi-note-10-lite\/","name":"Mi Note 10 Lite - Xiaomi Latin","isPartOf":{"@id":"https:\/\/xio-online.com\/es\/#website"},"primaryImageOfPage":{"@id":"https:\/\/xio-online.com\/es\/producto\/mi-note-10-lite\/#primaryimage"},"image":{"@id":"https:\/\/xio-online.com\/es\/producto\/mi-note-10-lite\/#primaryimage"},"thumbnailUrl":"https:\/\/xio-online.com\/wp-content\/uploads\/2020\/08\/note-10-front.jpg","datePublished":"2020-08-19T14:38:06+00:00","dateModified":"2022-05-06T22:38:09+00:00","breadcrumb":{"@id":"https:\/\/xio-online.com\/es\/producto\/mi-note-10-lite\/#breadcrumb"},"inLanguage":"es","potentialAction":[{"@type":"ReadAction","target":["https:\/\/xio-online.com\/es\/producto\/mi-note-10-lite\/"]}]},{"@type":"ImageObject","inLanguage":"es","@id":"https:\/\/xio-online.com\/es\/producto\/mi-note-10-lite\/#primaryimage","url":"https:\/\/xio-online.com\/wp-content\/uploads\/2020\/08\/note-10-front.jpg","contentUrl":"https:\/\/xio-online.com\/wp-content\/uploads\/2020\/08\/note-10-front.jpg","width":1080,"height":1080},{"@type":"BreadcrumbList","@id":"https:\/\/xio-online.com\/es\/producto\/mi-note-10-lite\/#breadcrumb","itemListElement":[{"@type":"ListItem","position":1,"name":"Portada","item":"https:\/\/xio-online.com\/es\/"},{"@type":"ListItem","position":2,"name":"Shop","item":"https:\/\/xio-online.com\/shop\/"},{"@type":"ListItem","position":3,"name":"Mi Note 10 Lite"}]},{"@type":"WebSite","@id":"https:\/\/xio-online.com\/es\/#website","url":"https:\/\/xio-online.com\/es\/","name":"Xiaomi Latin","description":"Official partner Xiaomi ","publisher":{"@id":"https:\/\/xio-online.com\/es\/#organization"},"potentialAction":[{"@type":"SearchAction","target":{"@type":"EntryPoint","urlTemplate":"https:\/\/xio-online.com\/es\/?s={search_term_string}"},"query-input":{"@type":"PropertyValueSpecification","valueRequired":true,"valueName":"search_term_string"}}],"inLanguage":"es"},{"@type":"Organization","@id":"https:\/\/xio-online.com\/es\/#organization","name":"Xiaomi Venezuela","url":"https:\/\/xio-online.com\/es\/","logo":{"@type":"ImageObject","inLanguage":"es","@id":"https:\/\/xio-online.com\/es\/#\/schema\/logo\/image\/","url":"https:\/\/xio-online.com\/wp-content\/uploads\/2020\/08\/xio-store-logo.png","contentUrl":"https:\/\/xio-online.com\/wp-content\/uploads\/2020\/08\/xio-store-logo.png","width":1797,"height":397,"caption":"Xiaomi Venezuela"},"image":{"@id":"https:\/\/xio-online.com\/es\/#\/schema\/logo\/image\/"}}]}},"_links":{"self":[{"href":"https:\/\/xio-online.com\/es\/wp-json\/wp\/v2\/product\/48","targetHints":{"allow":["GET"]}}],"collection":[{"href":"https:\/\/xio-online.com\/es\/wp-json\/wp\/v2\/product"}],"about":[{"href":"https:\/\/xio-online.com\/es\/wp-json\/wp\/v2\/types\/product"}],"replies":[{"embeddable":true,"href":"https:\/\/xio-online.com\/es\/wp-json\/wp\/v2\/comments?post=48"}],"wp:featuredmedia":[{"embeddable":true,"href":"https:\/\/xio-online.com\/es\/wp-json\/wp\/v2\/media\/74"}],"wp:attachment":[{"href":"https:\/\/xio-online.com\/es\/wp-json\/wp\/v2\/media?parent=48"}],"wp:term":[{"taxonomy":"product_brand","embeddable":true,"href":"https:\/\/xio-online.com\/es\/wp-json\/wp\/v2\/product_brand?post=48"},{"taxonomy":"product_cat","embeddable":true,"href":"https:\/\/xio-online.com\/es\/wp-json\/wp\/v2\/product_cat?post=48"},{"taxonomy":"product_tag","embeddable":true,"href":"https:\/\/xio-online.com\/es\/wp-json\/wp\/v2\/product_tag?post=48"}],"curies":[{"name":"wp","href":"https:\/\/api.w.org\/{rel}","templated":true}]}}