{"id":92,"date":"2020-08-19T23:41:46","date_gmt":"2020-08-20T03:41:46","guid":{"rendered":"https:\/\/xio.artechdigital.net\/?post_type=product&#038;p=92"},"modified":"2022-05-06T18:37:54","modified_gmt":"2022-05-06T22:37:54","slug":"mi-9t","status":"publish","type":"product","link":"https:\/\/xio-online.com\/es\/producto\/mi-9t\/","title":{"rendered":"Mi 9T"},"content":{"rendered":"<p>[et_pb_section fb_built=\u00bb1&#8243; _builder_version=\u00bb4.5.6&#8243; custom_padding=\u00bb0px||3px||false|false\u00bb global_colors_info=\u00bb{}\u00bb][et_pb_row _builder_version=\u00bb3.25&#8243; background_size=\u00bbinitial\u00bb background_position=\u00bbtop_left\u00bb background_repeat=\u00bbrepeat\u00bb width=\u00bb100%\u00bb custom_padding=\u00bb0px||0px||false|false\u00bb global_colors_info=\u00bb{}\u00bb][et_pb_column type=\u00bb4_4&#8243; _builder_version=\u00bb3.25&#8243; custom_padding=\u00bb|||\u00bb global_colors_info=\u00bb{}\u00bb custom_padding__hover=\u00bb|||\u00bb][et_pb_wc_breadcrumb _builder_version=\u00bb4.5.6&#8243; body_font=\u00bb|600|||||||\u00bb global_colors_info=\u00bb{}\u00bb][\/et_pb_wc_breadcrumb][et_pb_wc_cart_notice background_color=\u00bb#ff6700&#8243; custom_button=\u00bbon\u00bb button_text_color=\u00bb#ff5b0c\u00bb global_colors_info=\u00bb{}\u00bb][\/et_pb_wc_cart_notice][\/et_pb_column][\/et_pb_row][et_pb_row column_structure=\u00bb1_2,1_2&#8243; _builder_version=\u00bb4.5.6&#8243; background_size=\u00bbinitial\u00bb background_position=\u00bbtop_left\u00bb background_repeat=\u00bbrepeat\u00bb width=\u00bb100%\u00bb custom_padding=\u00bb0px||||false|false\u00bb global_colors_info=\u00bb{}\u00bb][et_pb_column type=\u00bb1_2&#8243; _builder_version=\u00bb3.25&#8243; custom_padding=\u00bb|||\u00bb global_colors_info=\u00bb{}\u00bb custom_padding__hover=\u00bb|||\u00bb][et_pb_wc_images sale_badge_color=\u00bb#ff6700&#8243; _builder_version=\u00bb4.5.6&#8243; sale_badge_font=\u00bb|600|||||||\u00bb global_colors_info=\u00bb{}\u00bb][\/et_pb_wc_images][\/et_pb_column][et_pb_column type=\u00bb1_2&#8243; _builder_version=\u00bb3.25&#8243; custom_padding=\u00bb|||\u00bb global_colors_info=\u00bb{}\u00bb custom_padding__hover=\u00bb|||\u00bb][et_pb_wc_title _builder_version=\u00bb3.0.47&#8243; global_colors_info=\u00bb{}\u00bb][\/et_pb_wc_title][et_pb_wc_rating _builder_version=\u00bb4.5.6&#8243; rating_text_color=\u00bb#ff5b0c\u00bb global_colors_info=\u00bb{}\u00bb][\/et_pb_wc_rating][et_pb_wc_price _builder_version=\u00bb4.5.6&#8243; body_font=\u00bb|700|||||||\u00bb body_text_color=\u00bb#ff5b0c\u00bb text_orientation=\u00bbleft\u00bb global_colors_info=\u00bb{}\u00bb][\/et_pb_wc_price][et_pb_wc_description _builder_version=\u00bb4.5.6&#8243; body_font=\u00bb|700|||||||\u00bb body_font_size=\u00bb15px\u00bb global_colors_info=\u00bb{}\u00bb][\/et_pb_wc_description][et_pb_wc_add_to_cart fields_background_color=\u00bb#efefef\u00bb fields_text_color=\u00bb#ff5b0c\u00bb custom_button=\u00bbon\u00bb button_text_color=\u00bb#ff5b0c\u00bb button_font=\u00bb|600|||||||\u00bb global_colors_info=\u00bb{}\u00bb][\/et_pb_wc_add_to_cart][et_pb_wc_meta _builder_version=\u00bb4.5.6&#8243; global_colors_info=\u00bb{}\u00bb][\/et_pb_wc_meta][\/et_pb_column][\/et_pb_row][\/et_pb_section][et_pb_section fb_built=\u00bb1&#8243; _builder_version=\u00bb4.5.6&#8243; custom_padding=\u00bb0px||||false|false\u00bb global_colors_info=\u00bb{}\u00bb][et_pb_row column_structure=\u00bb1_2,1_2&#8243; _builder_version=\u00bb4.5.6&#8243; _module_preset=\u00bbdefault\u00bb background_enable_image=\u00bboff\u00bb width=\u00bb100%\u00bb max_width=\u00bb1100px\u00bb module_alignment=\u00bbcenter\u00bb custom_margin=\u00bb-3px|auto||auto|false|false\u00bb global_colors_info=\u00bb{}\u00bb][et_pb_column type=\u00bb1_2&#8243; _builder_version=\u00bb4.5.6&#8243; _module_preset=\u00bbdefault\u00bb global_colors_info=\u00bb{}\u00bb][et_pb_image src=\u00bbhttps:\/\/xio.artechdigital.net\/wp-content\/uploads\/2020\/08\/mi-9t-descrip.png\u00bb title_text=\u00bbmi-9t-descrip\u00bb _builder_version=\u00bb4.5.6&#8243; _module_preset=\u00bbdefault\u00bb global_colors_info=\u00bb{}\u00bb][\/et_pb_image][\/et_pb_column][et_pb_column type=\u00bb1_2&#8243; _builder_version=\u00bb4.5.6&#8243; _module_preset=\u00bbdefault\u00bb global_colors_info=\u00bb{}\u00bb][et_pb_text _builder_version=\u00bb4.5.6&#8243; _module_preset=\u00bbdefault\u00bb text_font=\u00bb|600|||||||\u00bb text_text_color=\u00bb#000000&#8243; text_font_size=\u00bb17px\u00bb header_2_font_size=\u00bb31px\u00bb background_enable_image=\u00bboff\u00bb text_orientation=\u00bbcenter\u00bb custom_margin=\u00bb117px||||false|false\u00bb custom_padding=\u00bb||||false|false\u00bb global_colors_info=\u00bb{}\u00bb]<\/p>\n<h2 class=\"subtitle transi-up delay-05 webfont\"><strong>Una experiencia a lo grande<\/strong><\/h2>\n<h2 class=\"subtitle transi-up delay-05 webfont\"><strong>Selfie pop-up, gran rendimiento<\/strong><\/h2>\n<h2 class=\"subtitle transi-up delay-05 webfont\"><strong>y triple c\u00e1mara de 48 MP<\/strong><\/h2>\n<p><strong><\/strong><\/p>\n<p>Con una c\u00e1mara Sony de ultra alta resoluci\u00f3n de 48 MP + teleobjetivo de 8 MP + c\u00e1mara ultra gran angular de 13 MP, podr\u00e1s hacer cualquier foto con facilidad [6]. Ampl\u00eda la imagen de 0,6x a 10x y descubre tu verdadero potencial como fot\u00f3grafo.<\/p>\n<p>[\/et_pb_text][\/et_pb_column][\/et_pb_row][et_pb_row column_structure=\u00bb3_5,2_5&#8243; _builder_version=\u00bb3.25&#8243; background_size=\u00bbinitial\u00bb background_position=\u00bbtop_left\u00bb background_repeat=\u00bbrepeat\u00bb width=\u00bb100%\u00bb custom_margin=\u00bb20px|auto|-4px|auto||\u00bb global_colors_info=\u00bb{}\u00bb][et_pb_column type=\u00bb3_5&#8243; _builder_version=\u00bb3.25&#8243; custom_padding=\u00bb|||\u00bb global_colors_info=\u00bb{}\u00bb custom_padding__hover=\u00bb|||\u00bb][et_pb_wc_tabs include_tabs=\u00bbdescription|\u00bb _builder_version=\u00bb4.5.6&#8243; tab_text_color=\u00bb#ff5b0c\u00bb tab_font=\u00bb|700|||||||\u00bb custom_margin=\u00bb54px|||||\u00bb custom_padding=\u00bb55px||57px|||\u00bb border_radii=\u00bbon|10px|10px|10px|10px\u00bb border_width_top=\u00bb5px\u00bb border_color_top=\u00bb#ff5b0c\u00bb global_colors_info=\u00bb{}\u00bb]\t\t\t\t\t[\/et_pb_wc_tabs][et_pb_wc_upsells _builder_version=\u00bb3.0.47&#8243; global_colors_info=\u00bb{}\u00bb][\/et_pb_wc_upsells][\/et_pb_column][et_pb_column type=\u00bb2_5&#8243; _builder_version=\u00bb3.25&#8243; custom_padding=\u00bb|||\u00bb global_colors_info=\u00bb{}\u00bb custom_padding__hover=\u00bb|||\u00bb][et_pb_image src=\u00bbhttps:\/\/xio.artechdigital.net\/wp-content\/uploads\/2020\/08\/mi-9t-descrip-2.png\u00bb title_text=\u00bbmi-9t-descrip-2&#8243; _builder_version=\u00bb4.5.6&#8243; _module_preset=\u00bbdefault\u00bb custom_margin=\u00bb||-3px|||\u00bb global_colors_info=\u00bb{}\u00bb][\/et_pb_image][\/et_pb_column][\/et_pb_row][et_pb_row _builder_version=\u00bb3.25&#8243; background_size=\u00bbinitial\u00bb background_position=\u00bbtop_left\u00bb background_repeat=\u00bbrepeat\u00bb width=\u00bb100%\u00bb custom_margin=\u00bb0px|auto|-4px|auto||\u00bb global_colors_info=\u00bb{}\u00bb][et_pb_column type=\u00bb4_4&#8243; _builder_version=\u00bb3.25&#8243; custom_padding=\u00bb|||\u00bb global_colors_info=\u00bb{}\u00bb custom_padding__hover=\u00bb|||\u00bb][et_pb_wc_related_products sale_badge_color=\u00bb#ff6700&#8243; icon_hover_color=\u00bb#ff6700&#8243; _builder_version=\u00bb4.5.6&#8243; title_font=\u00bb|700|||||||\u00bb product_title_font=\u00bb|600|||||||\u00bb product_title_text_align=\u00bbcenter\u00bb price_font=\u00bb|600|||||||\u00bb price_text_align=\u00bbcenter\u00bb price_text_color=\u00bb#ff6700&#8243; price_font_size=\u00bb18px\u00bb sale_badge_font=\u00bb|700|||||||\u00bb global_colors_info=\u00bb{}\u00bb][\/et_pb_wc_related_products][\/et_pb_column][\/et_pb_row][\/et_pb_section]<\/p>\n","protected":false},"excerpt":{"rendered":"<ul>\n<li><strong>Triple c\u00e1mara trasera de 48 MP con IA<\/strong><\/li>\n<li><strong>C\u00e1mara selfie pop-up de 20 MP<\/strong><\/li>\n<li><strong>Pantalla full-screen AMOLED FHD+ de 6,39&#8243;<\/strong><\/li>\n<li><strong>R\u00e1pido sensor de huellas dactilares en pantalla<\/strong><\/li>\n<\/ul>\n","protected":false},"featured_media":93,"comment_status":"open","ping_status":"closed","template":"","meta":[],"product_brand":[],"product_cat":[21],"product_tag":[29,30,31],"class_list":{"0":"post-92","1":"product","2":"type-product","3":"status-publish","4":"has-post-thumbnail","6":"product_cat-smartphones","7":"product_tag-mi-9t","8":"product_tag-xiaomi","9":"product_tag-xio-store","11":"first","12":"instock","13":"shipping-taxable","14":"product-type-simple"},"yoast_head":"<!-- This site is optimized with the Yoast SEO Premium plugin v21.9 (Yoast SEO v27.2) - https:\/\/yoast.com\/product\/yoast-seo-premium-wordpress\/ -->\n<title>Mi 9T - Xiaomi Latin<\/title>\n<meta name=\"robots\" content=\"index, follow, max-snippet:-1, max-image-preview:large, max-video-preview:-1\" \/>\n<link rel=\"canonical\" href=\"https:\/\/xio-online.com\/es\/producto\/mi-9t\/\" \/>\n<meta property=\"og:locale\" content=\"es_ES\" \/>\n<meta property=\"og:type\" content=\"article\" \/>\n<meta property=\"og:title\" content=\"Mi 9T\" \/>\n<meta property=\"og:description\" content=\"Triple c\u00e1mara trasera de 48 MP con IA  C\u00e1mara selfie pop-up de 20 MP  Pantalla full-screen AMOLED FHD+ de 6,39&quot;  R\u00e1pido sensor de huellas dactilares en pantalla\" \/>\n<meta property=\"og:url\" content=\"https:\/\/xio-online.com\/es\/producto\/mi-9t\/\" \/>\n<meta property=\"og:site_name\" content=\"Xiaomi Latin\" \/>\n<meta property=\"article:modified_time\" content=\"2022-05-06T22:37:54+00:00\" \/>\n<meta property=\"og:image\" content=\"https:\/\/xio-online.com\/wp-content\/uploads\/2020\/08\/mi-9t-product.jpg\" \/>\n\t<meta property=\"og:image:width\" content=\"1080\" \/>\n\t<meta property=\"og:image:height\" content=\"1080\" \/>\n\t<meta property=\"og:image:type\" content=\"image\/jpeg\" \/>\n<meta name=\"twitter:card\" content=\"summary_large_image\" \/>\n<meta name=\"twitter:label1\" content=\"Tiempo de lectura\" \/>\n\t<meta name=\"twitter:data1\" content=\"4 minutos\" \/>\n<script type=\"application\/ld+json\" class=\"yoast-schema-graph\">{\"@context\":\"https:\/\/schema.org\",\"@graph\":[{\"@type\":\"WebPage\",\"@id\":\"https:\/\/xio-online.com\/es\/producto\/mi-9t\/\",\"url\":\"https:\/\/xio-online.com\/es\/producto\/mi-9t\/\",\"name\":\"Mi 9T - Xiaomi Latin\",\"isPartOf\":{\"@id\":\"https:\/\/xio-online.com\/es\/#website\"},\"primaryImageOfPage\":{\"@id\":\"https:\/\/xio-online.com\/es\/producto\/mi-9t\/#primaryimage\"},\"image\":{\"@id\":\"https:\/\/xio-online.com\/es\/producto\/mi-9t\/#primaryimage\"},\"thumbnailUrl\":\"https:\/\/xio-online.com\/wp-content\/uploads\/2020\/08\/mi-9t-product.jpg\",\"datePublished\":\"2020-08-20T03:41:46+00:00\",\"dateModified\":\"2022-05-06T22:37:54+00:00\",\"breadcrumb\":{\"@id\":\"https:\/\/xio-online.com\/es\/producto\/mi-9t\/#breadcrumb\"},\"inLanguage\":\"es\",\"potentialAction\":[{\"@type\":\"ReadAction\",\"target\":[\"https:\/\/xio-online.com\/es\/producto\/mi-9t\/\"]}]},{\"@type\":\"ImageObject\",\"inLanguage\":\"es\",\"@id\":\"https:\/\/xio-online.com\/es\/producto\/mi-9t\/#primaryimage\",\"url\":\"https:\/\/xio-online.com\/wp-content\/uploads\/2020\/08\/mi-9t-product.jpg\",\"contentUrl\":\"https:\/\/xio-online.com\/wp-content\/uploads\/2020\/08\/mi-9t-product.jpg\",\"width\":1080,\"height\":1080},{\"@type\":\"BreadcrumbList\",\"@id\":\"https:\/\/xio-online.com\/es\/producto\/mi-9t\/#breadcrumb\",\"itemListElement\":[{\"@type\":\"ListItem\",\"position\":1,\"name\":\"Portada\",\"item\":\"https:\/\/xio-online.com\/es\/\"},{\"@type\":\"ListItem\",\"position\":2,\"name\":\"Shop\",\"item\":\"https:\/\/xio-online.com\/shop\/\"},{\"@type\":\"ListItem\",\"position\":3,\"name\":\"Mi 9T\"}]},{\"@type\":\"WebSite\",\"@id\":\"https:\/\/xio-online.com\/es\/#website\",\"url\":\"https:\/\/xio-online.com\/es\/\",\"name\":\"Xiaomi Latin\",\"description\":\"Official partner Xiaomi \",\"publisher\":{\"@id\":\"https:\/\/xio-online.com\/es\/#organization\"},\"potentialAction\":[{\"@type\":\"SearchAction\",\"target\":{\"@type\":\"EntryPoint\",\"urlTemplate\":\"https:\/\/xio-online.com\/es\/?s={search_term_string}\"},\"query-input\":{\"@type\":\"PropertyValueSpecification\",\"valueRequired\":true,\"valueName\":\"search_term_string\"}}],\"inLanguage\":\"es\"},{\"@type\":\"Organization\",\"@id\":\"https:\/\/xio-online.com\/es\/#organization\",\"name\":\"Xiaomi Venezuela\",\"url\":\"https:\/\/xio-online.com\/es\/\",\"logo\":{\"@type\":\"ImageObject\",\"inLanguage\":\"es\",\"@id\":\"https:\/\/xio-online.com\/es\/#\/schema\/logo\/image\/\",\"url\":\"https:\/\/xio-online.com\/wp-content\/uploads\/2020\/08\/xio-store-logo.png\",\"contentUrl\":\"https:\/\/xio-online.com\/wp-content\/uploads\/2020\/08\/xio-store-logo.png\",\"width\":1797,\"height\":397,\"caption\":\"Xiaomi Venezuela\"},\"image\":{\"@id\":\"https:\/\/xio-online.com\/es\/#\/schema\/logo\/image\/\"}}]}<\/script>\n<!-- \/ Yoast SEO Premium plugin. -->","yoast_head_json":{"title":"Mi 9T - Xiaomi Latin","robots":{"index":"index","follow":"follow","max-snippet":"max-snippet:-1","max-image-preview":"max-image-preview:large","max-video-preview":"max-video-preview:-1"},"canonical":"https:\/\/xio-online.com\/es\/producto\/mi-9t\/","og_locale":"es_ES","og_type":"article","og_title":"Mi 9T","og_description":"Triple c\u00e1mara trasera de 48 MP con IA  C\u00e1mara selfie pop-up de 20 MP  Pantalla full-screen AMOLED FHD+ de 6,39\"  R\u00e1pido sensor de huellas dactilares en pantalla","og_url":"https:\/\/xio-online.com\/es\/producto\/mi-9t\/","og_site_name":"Xiaomi Latin","article_modified_time":"2022-05-06T22:37:54+00:00","og_image":[{"width":1080,"height":1080,"url":"https:\/\/xio-online.com\/wp-content\/uploads\/2020\/08\/mi-9t-product.jpg","type":"image\/jpeg"}],"twitter_card":"summary_large_image","twitter_misc":{"Tiempo de lectura":"4 minutos"},"schema":{"@context":"https:\/\/schema.org","@graph":[{"@type":"WebPage","@id":"https:\/\/xio-online.com\/es\/producto\/mi-9t\/","url":"https:\/\/xio-online.com\/es\/producto\/mi-9t\/","name":"Mi 9T - Xiaomi Latin","isPartOf":{"@id":"https:\/\/xio-online.com\/es\/#website"},"primaryImageOfPage":{"@id":"https:\/\/xio-online.com\/es\/producto\/mi-9t\/#primaryimage"},"image":{"@id":"https:\/\/xio-online.com\/es\/producto\/mi-9t\/#primaryimage"},"thumbnailUrl":"https:\/\/xio-online.com\/wp-content\/uploads\/2020\/08\/mi-9t-product.jpg","datePublished":"2020-08-20T03:41:46+00:00","dateModified":"2022-05-06T22:37:54+00:00","breadcrumb":{"@id":"https:\/\/xio-online.com\/es\/producto\/mi-9t\/#breadcrumb"},"inLanguage":"es","potentialAction":[{"@type":"ReadAction","target":["https:\/\/xio-online.com\/es\/producto\/mi-9t\/"]}]},{"@type":"ImageObject","inLanguage":"es","@id":"https:\/\/xio-online.com\/es\/producto\/mi-9t\/#primaryimage","url":"https:\/\/xio-online.com\/wp-content\/uploads\/2020\/08\/mi-9t-product.jpg","contentUrl":"https:\/\/xio-online.com\/wp-content\/uploads\/2020\/08\/mi-9t-product.jpg","width":1080,"height":1080},{"@type":"BreadcrumbList","@id":"https:\/\/xio-online.com\/es\/producto\/mi-9t\/#breadcrumb","itemListElement":[{"@type":"ListItem","position":1,"name":"Portada","item":"https:\/\/xio-online.com\/es\/"},{"@type":"ListItem","position":2,"name":"Shop","item":"https:\/\/xio-online.com\/shop\/"},{"@type":"ListItem","position":3,"name":"Mi 9T"}]},{"@type":"WebSite","@id":"https:\/\/xio-online.com\/es\/#website","url":"https:\/\/xio-online.com\/es\/","name":"Xiaomi Latin","description":"Official partner Xiaomi ","publisher":{"@id":"https:\/\/xio-online.com\/es\/#organization"},"potentialAction":[{"@type":"SearchAction","target":{"@type":"EntryPoint","urlTemplate":"https:\/\/xio-online.com\/es\/?s={search_term_string}"},"query-input":{"@type":"PropertyValueSpecification","valueRequired":true,"valueName":"search_term_string"}}],"inLanguage":"es"},{"@type":"Organization","@id":"https:\/\/xio-online.com\/es\/#organization","name":"Xiaomi Venezuela","url":"https:\/\/xio-online.com\/es\/","logo":{"@type":"ImageObject","inLanguage":"es","@id":"https:\/\/xio-online.com\/es\/#\/schema\/logo\/image\/","url":"https:\/\/xio-online.com\/wp-content\/uploads\/2020\/08\/xio-store-logo.png","contentUrl":"https:\/\/xio-online.com\/wp-content\/uploads\/2020\/08\/xio-store-logo.png","width":1797,"height":397,"caption":"Xiaomi Venezuela"},"image":{"@id":"https:\/\/xio-online.com\/es\/#\/schema\/logo\/image\/"}}]}},"_links":{"self":[{"href":"https:\/\/xio-online.com\/es\/wp-json\/wp\/v2\/product\/92","targetHints":{"allow":["GET"]}}],"collection":[{"href":"https:\/\/xio-online.com\/es\/wp-json\/wp\/v2\/product"}],"about":[{"href":"https:\/\/xio-online.com\/es\/wp-json\/wp\/v2\/types\/product"}],"replies":[{"embeddable":true,"href":"https:\/\/xio-online.com\/es\/wp-json\/wp\/v2\/comments?post=92"}],"wp:featuredmedia":[{"embeddable":true,"href":"https:\/\/xio-online.com\/es\/wp-json\/wp\/v2\/media\/93"}],"wp:attachment":[{"href":"https:\/\/xio-online.com\/es\/wp-json\/wp\/v2\/media?parent=92"}],"wp:term":[{"taxonomy":"product_brand","embeddable":true,"href":"https:\/\/xio-online.com\/es\/wp-json\/wp\/v2\/product_brand?post=92"},{"taxonomy":"product_cat","embeddable":true,"href":"https:\/\/xio-online.com\/es\/wp-json\/wp\/v2\/product_cat?post=92"},{"taxonomy":"product_tag","embeddable":true,"href":"https:\/\/xio-online.com\/es\/wp-json\/wp\/v2\/product_tag?post=92"}],"curies":[{"name":"wp","href":"https:\/\/api.w.org\/{rel}","templated":true}]}}